{"id":404,"date":"2019-04-03T09:12:28","date_gmt":"2019-04-03T09:12:28","guid":{"rendered":"http:\/\/amonis-starter.be\/?page_id=404"},"modified":"2020-07-02T03:55:27","modified_gmt":"2020-07-02T03:55:27","slug":"privacy-beleid","status":"publish","type":"page","link":"https:\/\/amonis-starter.be\/nl\/privacy-beleid\/","title":{"rendered":"Privacy beleid"},"content":{"rendered":"\r\n<p>Amonis is de verwerkingsverantwoordelijke, dit betekent dat Amonis de doeleinden en de middelen voor de verwerking van persoonsgegevens bepaalt. Met de benaming \u201cAmonis\u201d bedoelen we Amonis OFP, Amonis CVBA en Amonis NV. U kunt contact met ons opnemen per brief aan Amonis, Privacydienst, de Jamblinne de Meuxplein 4 te 1030 Brussel. U kan contact met ons opnemen via e-mail op <a href=\"mailto:privacy@amonis.be\">privacy@amonis.be<\/a>.<\/p>\r\n\r\n\r\n\r\n<p>Uw gegevens zullen alleen worden verwerkt voor het maken van afspraken op basis van uw toestemming en mogelijk voor het nemen van precontractuele maatregelen op uw verzoek (Riziv formulier). <\/p>\r\n\r\n\r\n\r\n<p>Als u het vakje hebt aangevinkt, kunnen uw gegevens ook worden verwerkt door Amonis om u commerci\u00eble aanbiedingen te sturen op basis van uw toestemming. In dit kader worden de gegevens gebruikt voor profilering, zodat de voorgestelde producten overeenkomen met uw vereisten en behoeften. U mag uw toestemming te allen tijde intrekken(inclusief profilering). &nbsp;Het intrekken van de toestemming laat de rechtmatigheid van de verwerking op basis van de toestemming v\u00f3\u00f3r de intrekking daarvan, onverlet. De verzamelde gegevens worden doorgegeven aan een aantal van onze priv\u00e9partners (externe printer). <\/p>\r\n\r\n\r\n\r\n<p>De door Amonis verzamelde gegevens worden doorgegeven aan sommige van onze priv\u00e9partners (externe drukker) en aan overheden met het oog op de naleving van onze wettelijke verplichtingen zoals het RIZIV voor uw sociale voordelen.<\/p>\r\n\r\n\r\n\r\n<p>Uw gegevens worden 2 jaar na het laatste contact bewaard. Voor andere verwerkingen worden uw gegevens bewaard gedurende de tijd die nodig is om te voldoen aan de nagestreefde doelstelling en tot het moment waarop de wettelijke verjaringstermijn verstrijkt, tenzij de wet anders bepaalt. Indien uw gegevens niet meer nodig zijn voor de betrokken doelstelling, worden ze verwijderd uit onze databank. Tenzij de wet anders bepaalt, kan u uw persoonsgegevens kosteloos raadplegen, laten wijzigen, verwijderen, tegen de verwerking bezwaar maken, uw toestemming intrekken of de beperking van verwerking&nbsp; aanvragen door een schriftelijk verzoek aan Amonis, t.a.v. Dienst Marketing, Jamblinne de Meuxplein 4, 1030 Brussel of via mail naar <a href=\"mailto:info@amonis.be\">info@amonis.be<\/a>. <\/p>\r\n\r\n\r\n\r\n<p>Amonis verbindt zich ertoe zo snel mogelijk en niet later dan een maand na ontvangst op het verzoek te reageren. U kunt ook contact opnemen met onze Data Protection Officer op&nbsp;<a href=\"mailto:dpo@3headedgiant.be\">dpo@3headedgiant.be<\/a>.&nbsp;Als u vragen of klachten heeft, kunt u contact opnemen met de Gegevensbeschermingsautoriteit (Drukpersstraat 35, 1000 Brussel).<\/p>\r\n\r\n\r\n\r\n<p>Voor meer informatie, bezoek onze website&nbsp;<strong><a href=\"http:\/\/www.amonis.be\/nl\/privacy\" target=\"_blank\" rel=\"noreferrer noopener\" aria-label=\" (s\u2019ouvre dans un nouvel onglet)\">www.amonis.be\/nl\/privacy<\/a><\/strong>.&nbsp;<\/p>\r\n","protected":false},"excerpt":{"rendered":"<p>Amonis is de verwerkingsverantwoordelijke, dit betekent dat Amonis de doeleinden en de middelen voor de verwerking van persoonsgegevens bepaalt. Met de benaming \u201cAmonis\u201d bedoelen we Amonis OFP, Amonis CVBA en Amonis NV. U kunt contact met ons opnemen per brief aan Amonis, Privacydienst, de Jamblinne de Meuxplein 4 te 1030 Brussel. U kan contact met [&hellip;]<\/p>\n","protected":false},"author":4,"featured_media":0,"parent":0,"menu_order":34,"comment_status":"closed","ping_status":"closed","template":"page-legals.php","meta":{"_acf_changed":false,"footnotes":""},"class_list":["post-404","page","type-page","status-publish","hentry"],"acf":[],"_links":{"self":[{"href":"https:\/\/amonis-starter.be\/nl\/wp-json\/wp\/v2\/pages\/404","targetHints":{"allow":["GET"]}}],"collection":[{"href":"https:\/\/amonis-starter.be\/nl\/wp-json\/wp\/v2\/pages"}],"about":[{"href":"https:\/\/amonis-starter.be\/nl\/wp-json\/wp\/v2\/types\/page"}],"author":[{"embeddable":true,"href":"https:\/\/amonis-starter.be\/nl\/wp-json\/wp\/v2\/users\/4"}],"replies":[{"embeddable":true,"href":"https:\/\/amonis-starter.be\/nl\/wp-json\/wp\/v2\/comments?post=404"}],"version-history":[{"count":5,"href":"https:\/\/amonis-starter.be\/nl\/wp-json\/wp\/v2\/pages\/404\/revisions"}],"predecessor-version":[{"id":1212,"href":"https:\/\/amonis-starter.be\/nl\/wp-json\/wp\/v2\/pages\/404\/revisions\/1212"}],"wp:attachment":[{"href":"https:\/\/amonis-starter.be\/nl\/wp-json\/wp\/v2\/media?parent=404"}],"curies":[{"name":"wp","href":"https:\/\/api.w.org\/{rel}","templated":true}]}}