{"id":622,"date":"2019-04-15T14:03:17","date_gmt":"2019-04-15T14:03:17","guid":{"rendered":"http:\/\/amonis-starter.be\/?page_id=622"},"modified":"2020-06-30T06:17:53","modified_gmt":"2020-06-30T06:17:53","slug":"mention-legale","status":"publish","type":"page","link":"https:\/\/amonis-starter.be\/fr\/mention-legale\/","title":{"rendered":"Mention l\u00e9gale"},"content":{"rendered":"\n<p><\/p>\n\n\n\n<p>Amonis OFP est une Institution de retraite professionnelle agr\u00e9\u00e9e le 25-02-1996, n\u00b0 55.001, sous le contr\u00f4le de l\u2019Autorit\u00e9 des Services et March\u00e9s Financiers (FSMA), Rue du Congr\u00e8s 12-14 1000 Bruxelles (Tel : 02 220 52 11).<\/p>\n\n\n\n<h2 class=\"wp-block-heading\">Coordonn\u00e9es<\/h2>\n\n\n\n<p>Place de Jamblinne de Meux 4<br>1030 Bruxelles<br>T\u00e9l.: 02 738 00 25<br>Fax: 02 735 52 46 <br>E-mail:  <a href=\"mailto:info@amonis.be\">info@amonis.be<\/a><br>Web:  <a href=\"http:\/\/www.amonis.be\/\" target=\"_blank\" rel=\"noreferrer noopener\" aria-label=\" (s\u2019ouvre dans un nouvel onglet)\">www.amonis.be<\/a><br>Banque: BE19 3100 0902 3312<br>Num\u00e9ro d&rsquo;entreprise: TVA BE 0414.082.508 (RPM Bruxelles)<\/p>\n","protected":false},"excerpt":{"rendered":"<p>Amonis OFP est une Institution de retraite professionnelle agr\u00e9\u00e9e le 25-02-1996, n\u00b0 55.001, sous le contr\u00f4le de l\u2019Autorit\u00e9 des Services et March\u00e9s Financiers (FSMA), Rue du Congr\u00e8s 12-14 1000 Bruxelles (Tel : 02 220 52 11). Coordonn\u00e9es Place de Jamblinne de Meux 41030 BruxellesT\u00e9l.: 02 738 00 25Fax: 02 735 52 46 E-mail: info@amonis.beWeb: www.amonis.beBanque: [&hellip;]<\/p>\n","protected":false},"author":4,"featured_media":0,"parent":0,"menu_order":33,"comment_status":"closed","ping_status":"closed","template":"page-legals.php","meta":{"_acf_changed":false,"footnotes":""},"class_list":["post-622","page","type-page","status-publish","hentry"],"acf":[],"_links":{"self":[{"href":"https:\/\/amonis-starter.be\/fr\/wp-json\/wp\/v2\/pages\/622","targetHints":{"allow":["GET"]}}],"collection":[{"href":"https:\/\/amonis-starter.be\/fr\/wp-json\/wp\/v2\/pages"}],"about":[{"href":"https:\/\/amonis-starter.be\/fr\/wp-json\/wp\/v2\/types\/page"}],"author":[{"embeddable":true,"href":"https:\/\/amonis-starter.be\/fr\/wp-json\/wp\/v2\/users\/4"}],"replies":[{"embeddable":true,"href":"https:\/\/amonis-starter.be\/fr\/wp-json\/wp\/v2\/comments?post=622"}],"version-history":[{"count":3,"href":"https:\/\/amonis-starter.be\/fr\/wp-json\/wp\/v2\/pages\/622\/revisions"}],"predecessor-version":[{"id":841,"href":"https:\/\/amonis-starter.be\/fr\/wp-json\/wp\/v2\/pages\/622\/revisions\/841"}],"wp:attachment":[{"href":"https:\/\/amonis-starter.be\/fr\/wp-json\/wp\/v2\/media?parent=622"}],"curies":[{"name":"wp","href":"https:\/\/api.w.org\/{rel}","templated":true}]}}