{"id":18,"date":"2019-03-04T16:40:28","date_gmt":"2019-03-04T16:40:28","guid":{"rendered":"http:\/\/amonis-starter.be\/?page_id=18"},"modified":"2025-06-18T15:06:34","modified_gmt":"2025-06-18T14:06:34","slug":"comparator","status":"publish","type":"page","link":"https:\/\/amonis-starter.be\/fr\/comparator\/","title":{"rendered":"Calculez votre rendement"},"content":{"rendered":"\r\n<h1 id=\"table\" class=\"has-text-align-center wp-block-heading\">Amonis dans le march\u00e9<\/h1>\r\n\r\n<h4 class=\"has-text-align-left\">Parmi les meilleures conditions du march\u00e9<\/h4>\r\n<p>Amonis exerce une gestion prudente des risques, tout en assurant un rendement \u00e9lev\u00e9.<\/p>\r\n<p>&nbsp;<\/p>\r\n<h4 class=\"has-text-align-left\">S\u00e9curit\u00e9 financi\u00e8re<\/h4>\r\n<p>Ce succ\u00e8s vient de la longue exp\u00e9rience d\u2019Amonis, de sa gestion raisonn\u00e9e et active des capitaux \u00e0 court et \u00e0 long terme, des frais d\u2019entr\u00e9e peu \u00e9lev\u00e9s, de l\u2019absence de frais de gestion et d\u2019un dynamisme constant, car Amonis suit de pr\u00e8s les \u00e9volutions du monde financier.<\/p>\r\n<table style=\"border-collapse: collapse; width: 60%;\">\r\n<tbody>\r\n<tr>\r\n<td style=\"width: 50%;\">Soci\u00e9t\u00e9<\/td>\r\n<td style=\"width: 50%;\">Rendement global net 2024*<\/td>\r\n<\/tr>\r\n<tr>\r\n<td style=\"width: 50%;\">AG Insurance<\/td>\r\n<td style=\"width: 50%;\">2,40 %<\/td>\r\n<\/tr>\r\n<tr>\r\n<td style=\"width: 50%;\">Allianz<\/td>\r\n<td style=\"width: 50%;\">2,30 %<\/td>\r\n<\/tr>\r\n<tr>\r\n<td style=\"width: 50%;\"><strong>AMONIS<\/strong><\/td>\r\n<td style=\"width: 50%;\"><strong>6,50 %*<\/strong><\/td>\r\n<\/tr>\r\n<tr>\r\n<td style=\"width: 50%;\">AXA<\/td>\r\n<td style=\"width: 50%;\">2,50 %<\/td>\r\n<\/tr>\r\n<tr>\r\n<td style=\"width: 50%;\">Curalia<\/td>\r\n<td style=\"width: 50%;\">0,70 % &#8211; 2,25 %<\/td>\r\n<\/tr>\r\n<tr>\r\n<td style=\"width: 50%;\">KBC\/CBC<\/td>\r\n<td style=\"width: 50%;\">2,60 %<\/td>\r\n<\/tr>\r\n<tr>\r\n<td style=\"width: 50%;\">Vivium<\/td>\r\n<td style=\"width: 50%;\">2,00 % &#8211; 2,50 %<\/td>\r\n<\/tr>\r\n<\/tbody>\r\n<\/table>\r\n<p><strong><span style=\"font-size: 9pt;\">Situation au 18\/06\/2025<\/span><\/strong><\/p>\r\n<p>Ces informations proviennent des pages 18 \u00e0 20 de la <a href=\"http:\/\/www.decavi.be\/?page_id=23\">Lettre DECAVI Vie n\u00b0284<\/a>: \u00ab Pension Libre Compl\u00e9mentaire pour Ind\u00e9pendants \u00bb pour la PLC Sociale. La comparaison porte sur les diff\u00e9rents rendements nets pour l\u2019ann\u00e9e 2024 d\u2019Amonis OFP et d\u2019entreprises d\u2019assurances sans tenir compte des \u00e9ventuels frais.<\/p>\r\n<p>&nbsp;<\/p>\r\n<p><span style=\"font-size: 9pt;\">*Selon les conditions d&rsquo;octroi. Les rendements du pass\u00e9 ne constituent pas une garantie pour le futur.<\/span><\/p>","protected":false},"excerpt":{"rendered":"<p>Amonis dans le march\u00e9 Parmi les meilleures conditions du march\u00e9 Amonis exerce une gestion prudente des risques, tout en assurant un rendement \u00e9lev\u00e9. &nbsp; S\u00e9curit\u00e9 financi\u00e8re Ce succ\u00e8s vient de la longue exp\u00e9rience d\u2019Amonis, de sa gestion raisonn\u00e9e et active des capitaux \u00e0 court et \u00e0 long terme, des frais d\u2019entr\u00e9e peu \u00e9lev\u00e9s, de l\u2019absence [&hellip;]<\/p>\n","protected":false},"author":4,"featured_media":0,"parent":0,"menu_order":7,"comment_status":"closed","ping_status":"closed","template":"page-comparator.php","meta":{"_acf_changed":false,"footnotes":""},"class_list":["post-18","page","type-page","status-publish","hentry"],"acf":[],"_links":{"self":[{"href":"https:\/\/amonis-starter.be\/fr\/wp-json\/wp\/v2\/pages\/18","targetHints":{"allow":["GET"]}}],"collection":[{"href":"https:\/\/amonis-starter.be\/fr\/wp-json\/wp\/v2\/pages"}],"about":[{"href":"https:\/\/amonis-starter.be\/fr\/wp-json\/wp\/v2\/types\/page"}],"author":[{"embeddable":true,"href":"https:\/\/amonis-starter.be\/fr\/wp-json\/wp\/v2\/users\/4"}],"replies":[{"embeddable":true,"href":"https:\/\/amonis-starter.be\/fr\/wp-json\/wp\/v2\/comments?post=18"}],"version-history":[{"count":69,"href":"https:\/\/amonis-starter.be\/fr\/wp-json\/wp\/v2\/pages\/18\/revisions"}],"predecessor-version":[{"id":2239,"href":"https:\/\/amonis-starter.be\/fr\/wp-json\/wp\/v2\/pages\/18\/revisions\/2239"}],"wp:attachment":[{"href":"https:\/\/amonis-starter.be\/fr\/wp-json\/wp\/v2\/media?parent=18"}],"curies":[{"name":"wp","href":"https:\/\/api.w.org\/{rel}","templated":true}]}}